{"id":3803,"date":"2020-05-22T10:34:15","date_gmt":"2020-05-22T10:34:15","guid":{"rendered":"https:\/\/emilioscola.it\/?page_id=3803"},"modified":"2020-05-27T12:27:44","modified_gmt":"2020-05-27T12:27:44","slug":"blog","status":"publish","type":"page","link":"https:\/\/emilioscola.it\/?page_id=3803","title":{"rendered":"Blog"},"content":{"rendered":"<section class=\"l-section wpb_row height_medium\"><div class=\"l-section-h i-cf\"><div class=\"g-cols vc_row type_default valign_top\"><div class=\"vc_col-sm-12 wpb_column vc_column_container\"><div class=\"vc_column-inner\"><div class=\"wpb_wrapper\"><div class=\"wpb_text_column\" ><div class=\"wpb_wrapper\"><h1>Le ultime dal Blog<\/h1>\n<\/div><\/div><div class=\"w-separator size_small\"><\/div><div class=\"w-grid type_grid layout_581 cols_3 with_filters\" id=\"us_grid_1\"><style id=\"us_grid_1_css\">#us_grid_1 .w-grid-item{padding:1.5rem}#us_grid_1 .w-grid-list{margin:1.5rem -1.5rem}.w-grid + #us_grid_1 .w-grid-list{margin-top:1.5rem}@media (max-width:899px){#us_grid_1 .w-grid-item{width:50%}}@media (max-width:599px){#us_grid_1 .w-grid-list{margin:0}#us_grid_1 .w-grid-item{width:100%;padding:0;margin-bottom:1.5rem}}<\/style><style>.layout_581 .w-grid-item-h{}.layout_581 .usg_post_image_1{margin-bottom:0.5rem!important}.layout_581 .usg_post_title_1{font-size:1rem!important}<\/style><div class=\"g-filters style_2 align_left\"><div class=\"g-filters-list\"><a class=\"g-filters-item active\" href=\"javascript:void(0)\" data-taxonomy=\"*\"><span>Tutto<\/span><\/a><a class=\"g-filters-item\" href=\"javascript:void(0)\" data-taxonomy=\"debiti\" data-amount=\"5\"><span>Debiti<\/span><span class=\"g-filters-item-amount\">5<\/span><\/a><a class=\"g-filters-item\" href=\"javascript:void(0)\" data-taxonomy=\"interviste\" data-amount=\"1\"><span>Interviste<\/span><span class=\"g-filters-item-amount\">1<\/span><\/a><a class=\"g-filters-item\" href=\"javascript:void(0)\" data-taxonomy=\"novita\" data-amount=\"11\"><span>Novit\u00e0<\/span><span class=\"g-filters-item-amount\">11<\/span><\/a><a class=\"g-filters-item\" href=\"javascript:void(0)\" data-taxonomy=\"uncategorized\" data-amount=\"6\"><span>Uncategorized<\/span><span class=\"g-filters-item-amount\">6<\/span><\/a><\/div><\/div><div class=\"w-grid-list\" data-filter_taxonomy_name=\"category\"><article class=\"w-grid-item size_1x1 post-4041 post type-post status-publish format-standard has-post-thumbnail hentry category-uncategorized\" data-id=\"4041\">\r\n\t<div class=\"w-grid-item-h\">\r\n\t\t\t\t<div class=\"w-post-elm post_image usg_post_image_1 stretched\"><a href=\"https:\/\/emilioscola.it\/?p=4041\" aria-label=\"Fisco e lotta all\u2019evasione: Novit\u00e0 e Strategie per il Triennio 2025-2027\"><img loading=\"lazy\" decoding=\"async\" width=\"940\" height=\"788\" src=\"https:\/\/emilioscola.it\/wp-content\/uploads\/2025\/04\/POST-1-.png\" class=\"attachment-us_600_600_crop size-us_600_600_crop wp-post-image\" alt=\"\" srcset=\"https:\/\/emilioscola.it\/wp-content\/uploads\/2025\/04\/POST-1-.png 940w, https:\/\/emilioscola.it\/wp-content\/uploads\/2025\/04\/POST-1--300x251.png 300w\" sizes=\"auto, (max-width: 940px) 100vw, 940px\" \/><\/a><\/div><h2 class=\"w-post-elm post_title usg_post_title_1 entry-title color_link_inherit\"><a href=\"https:\/\/emilioscola.it\/?p=4041\">Fisco e lotta all\u2019evasione: Novit\u00e0 e Strategie per il Triennio 2025-2027<\/a><\/h2>\t<\/div>\r\n<\/article>\r\n<article class=\"w-grid-item size_1x1 post-4037 post type-post status-publish format-standard has-post-thumbnail hentry category-uncategorized\" data-id=\"4037\">\r\n\t<div class=\"w-grid-item-h\">\r\n\t\t\t\t<div class=\"w-post-elm post_image usg_post_image_1 stretched\"><a href=\"https:\/\/emilioscola.it\/?p=4037\" aria-label=\"Mutui 2025: Previsioni di Crescita e Impatti del Taglio dei Tassi\"><img loading=\"lazy\" decoding=\"async\" width=\"1080\" height=\"1080\" src=\"https:\/\/emilioscola.it\/wp-content\/uploads\/2025\/02\/Your-dream-home-today-1.png\" class=\"attachment-us_600_600_crop size-us_600_600_crop wp-post-image\" alt=\"\" srcset=\"https:\/\/emilioscola.it\/wp-content\/uploads\/2025\/02\/Your-dream-home-today-1.png 1080w, https:\/\/emilioscola.it\/wp-content\/uploads\/2025\/02\/Your-dream-home-today-1-300x300.png 300w, https:\/\/emilioscola.it\/wp-content\/uploads\/2025\/02\/Your-dream-home-today-1-1024x1024.png 1024w, https:\/\/emilioscola.it\/wp-content\/uploads\/2025\/02\/Your-dream-home-today-1-150x150.png 150w\" sizes=\"auto, (max-width: 1080px) 100vw, 1080px\" \/><\/a><\/div><h2 class=\"w-post-elm post_title usg_post_title_1 entry-title color_link_inherit\"><a href=\"https:\/\/emilioscola.it\/?p=4037\">Mutui 2025: Previsioni di Crescita e Impatti del Taglio dei Tassi<\/a><\/h2>\t<\/div>\r\n<\/article>\r\n<article class=\"w-grid-item size_1x1 post-4031 post type-post status-publish format-standard has-post-thumbnail hentry category-uncategorized\" data-id=\"4031\">\r\n\t<div class=\"w-grid-item-h\" style=\"color:#000000;\">\r\n\t\t\t\t<div class=\"w-post-elm post_image usg_post_image_1 stretched\"><a href=\"https:\/\/emilioscola.it\/?p=4031\" aria-label=\"FWU Life Insurance Lux S.A. in Liquidazione:\"><img loading=\"lazy\" decoding=\"async\" width=\"1080\" height=\"1080\" src=\"https:\/\/emilioscola.it\/wp-content\/uploads\/2025\/02\/www.reallygreatsite.com-4.png\" class=\"attachment-us_600_600_crop size-us_600_600_crop wp-post-image\" alt=\"\" srcset=\"https:\/\/emilioscola.it\/wp-content\/uploads\/2025\/02\/www.reallygreatsite.com-4.png 1080w, https:\/\/emilioscola.it\/wp-content\/uploads\/2025\/02\/www.reallygreatsite.com-4-300x300.png 300w, https:\/\/emilioscola.it\/wp-content\/uploads\/2025\/02\/www.reallygreatsite.com-4-1024x1024.png 1024w, https:\/\/emilioscola.it\/wp-content\/uploads\/2025\/02\/www.reallygreatsite.com-4-150x150.png 150w\" sizes=\"auto, (max-width: 1080px) 100vw, 1080px\" \/><\/a><\/div><h2 class=\"w-post-elm post_title usg_post_title_1 entry-title color_link_inherit\"><a href=\"https:\/\/emilioscola.it\/?p=4031\">FWU Life Insurance Lux S.A. in Liquidazione:<\/a><\/h2>\t<\/div>\r\n<\/article>\r\n<article class=\"w-grid-item size_1x1 post-4028 post type-post status-publish format-standard has-post-thumbnail hentry category-uncategorized\" data-id=\"4028\">\r\n\t<div class=\"w-grid-item-h\">\r\n\t\t\t\t<div class=\"w-post-elm post_image usg_post_image_1 stretched\"><a href=\"https:\/\/emilioscola.it\/?p=4028\" aria-label=\"Truffe, Mutui e Prestiti: Un Allarme in Crescita\"><img loading=\"lazy\" decoding=\"async\" width=\"512\" height=\"323\" src=\"https:\/\/emilioscola.it\/wp-content\/uploads\/2025\/01\/unnamed.jpg\" class=\"attachment-us_600_600_crop size-us_600_600_crop wp-post-image\" alt=\"\" srcset=\"https:\/\/emilioscola.it\/wp-content\/uploads\/2025\/01\/unnamed.jpg 512w, https:\/\/emilioscola.it\/wp-content\/uploads\/2025\/01\/unnamed-300x189.jpg 300w\" sizes=\"auto, (max-width: 512px) 100vw, 512px\" \/><\/a><\/div><h2 class=\"w-post-elm post_title usg_post_title_1 entry-title color_link_inherit\"><a href=\"https:\/\/emilioscola.it\/?p=4028\">Truffe, Mutui e Prestiti: Un Allarme in Crescita<\/a><\/h2>\t<\/div>\r\n<\/article>\r\n<article class=\"w-grid-item size_1x1 post-4014 post type-post status-publish format-standard has-post-thumbnail hentry category-uncategorized\" data-id=\"4014\">\r\n\t<div class=\"w-grid-item-h\">\r\n\t\t\t\t<div class=\"w-post-elm post_image usg_post_image_1 stretched\"><a href=\"https:\/\/emilioscola.it\/?p=4014\" aria-label=\"Pioveranno cartelle esattoriali?\"><img loading=\"lazy\" decoding=\"async\" width=\"1280\" height=\"852\" src=\"https:\/\/emilioscola.it\/wp-content\/uploads\/2021\/01\/Progetto-senza-titolo-10.png\" class=\"attachment-us_600_600_crop size-us_600_600_crop wp-post-image\" alt=\"Pioveranno cartelle esattoriali?\" srcset=\"https:\/\/emilioscola.it\/wp-content\/uploads\/2021\/01\/Progetto-senza-titolo-10.png 1280w, https:\/\/emilioscola.it\/wp-content\/uploads\/2021\/01\/Progetto-senza-titolo-10-300x200.png 300w, https:\/\/emilioscola.it\/wp-content\/uploads\/2021\/01\/Progetto-senza-titolo-10-1024x682.png 1024w\" sizes=\"auto, (max-width: 1280px) 100vw, 1280px\" \/><\/a><\/div><h2 class=\"w-post-elm post_title usg_post_title_1 entry-title color_link_inherit\"><a href=\"https:\/\/emilioscola.it\/?p=4014\">Pioveranno cartelle esattoriali?<\/a><\/h2>\t<\/div>\r\n<\/article>\r\n<article class=\"w-grid-item size_1x1 post-4004 post type-post status-publish format-standard has-post-thumbnail hentry category-debiti category-novita\" data-id=\"4004\">\r\n\t<div class=\"w-grid-item-h\">\r\n\t\t\t\t<div class=\"w-post-elm post_image usg_post_image_1 stretched\"><a href=\"https:\/\/emilioscola.it\/?p=4004\" aria-label=\"Aste immobiliari: tra virus, lockdown e politica\"><img loading=\"lazy\" decoding=\"async\" width=\"1280\" height=\"852\" src=\"https:\/\/emilioscola.it\/wp-content\/uploads\/2020\/12\/Progetto-senza-titolo-7.png\" class=\"attachment-us_600_600_crop size-us_600_600_crop wp-post-image\" alt=\"Aste immobiliari: tra virus, lockdown e politica\" srcset=\"https:\/\/emilioscola.it\/wp-content\/uploads\/2020\/12\/Progetto-senza-titolo-7.png 1280w, https:\/\/emilioscola.it\/wp-content\/uploads\/2020\/12\/Progetto-senza-titolo-7-300x200.png 300w, https:\/\/emilioscola.it\/wp-content\/uploads\/2020\/12\/Progetto-senza-titolo-7-1024x682.png 1024w\" sizes=\"auto, (max-width: 1280px) 100vw, 1280px\" \/><\/a><\/div><h2 class=\"w-post-elm post_title usg_post_title_1 entry-title color_link_inherit\"><a href=\"https:\/\/emilioscola.it\/?p=4004\">Aste immobiliari: tra virus, lockdown e politica<\/a><\/h2>\t<\/div>\r\n<\/article>\r\n<article class=\"w-grid-item size_1x1 post-4001 post type-post status-publish format-standard has-post-thumbnail hentry category-debiti category-novita\" data-id=\"4001\">\r\n\t<div class=\"w-grid-item-h\">\r\n\t\t\t\t<div class=\"w-post-elm post_image usg_post_image_1 stretched\"><a href=\"https:\/\/emilioscola.it\/?p=4001\" aria-label=\"NPL, all&#8217;Eba richiesta revisione degli standard\"><img loading=\"lazy\" decoding=\"async\" width=\"1280\" height=\"852\" src=\"https:\/\/emilioscola.it\/wp-content\/uploads\/2020\/12\/Progetto-senza-titolo-6.png\" class=\"attachment-us_600_600_crop size-us_600_600_crop wp-post-image\" alt=\"NPL, all&#039;Eba richiesta revisione degli standard\" srcset=\"https:\/\/emilioscola.it\/wp-content\/uploads\/2020\/12\/Progetto-senza-titolo-6.png 1280w, https:\/\/emilioscola.it\/wp-content\/uploads\/2020\/12\/Progetto-senza-titolo-6-300x200.png 300w, https:\/\/emilioscola.it\/wp-content\/uploads\/2020\/12\/Progetto-senza-titolo-6-1024x682.png 1024w\" sizes=\"auto, (max-width: 1280px) 100vw, 1280px\" \/><\/a><\/div><h2 class=\"w-post-elm post_title usg_post_title_1 entry-title color_link_inherit\"><a href=\"https:\/\/emilioscola.it\/?p=4001\">NPL, all&#8217;Eba richiesta revisione degli standard<\/a><\/h2>\t<\/div>\r\n<\/article>\r\n<article class=\"w-grid-item size_1x1 post-3997 post type-post status-publish format-standard has-post-thumbnail hentry category-debiti category-novita\" data-id=\"3997\">\r\n\t<div class=\"w-grid-item-h\">\r\n\t\t\t\t<div class=\"w-post-elm post_image usg_post_image_1 stretched\"><a href=\"https:\/\/emilioscola.it\/?p=3997\" aria-label=\"Crediti Deteriorati e Bad Bank nazionali\"><img loading=\"lazy\" decoding=\"async\" width=\"1280\" height=\"852\" src=\"https:\/\/emilioscola.it\/wp-content\/uploads\/2020\/12\/Progetto-senza-titolo-5.png\" class=\"attachment-us_600_600_crop size-us_600_600_crop wp-post-image\" alt=\"NPL e Bad Bank nazionali\" srcset=\"https:\/\/emilioscola.it\/wp-content\/uploads\/2020\/12\/Progetto-senza-titolo-5.png 1280w, https:\/\/emilioscola.it\/wp-content\/uploads\/2020\/12\/Progetto-senza-titolo-5-300x200.png 300w, https:\/\/emilioscola.it\/wp-content\/uploads\/2020\/12\/Progetto-senza-titolo-5-1024x682.png 1024w\" sizes=\"auto, (max-width: 1280px) 100vw, 1280px\" \/><\/a><\/div><h2 class=\"w-post-elm post_title usg_post_title_1 entry-title color_link_inherit\"><a href=\"https:\/\/emilioscola.it\/?p=3997\">Crediti Deteriorati e Bad Bank nazionali<\/a><\/h2>\t<\/div>\r\n<\/article>\r\n<article class=\"w-grid-item size_1x1 post-3992 post type-post status-publish format-standard has-post-thumbnail hentry category-debiti category-novita\" data-id=\"3992\">\r\n\t<div class=\"w-grid-item-h\">\r\n\t\t\t\t<div class=\"w-post-elm post_image usg_post_image_1 stretched\"><a href=\"https:\/\/emilioscola.it\/?p=3992\" aria-label=\"G30 e gli NPL, resisteremo alla seconda ondata?\"><img loading=\"lazy\" decoding=\"async\" width=\"1280\" height=\"852\" src=\"https:\/\/emilioscola.it\/wp-content\/uploads\/2020\/12\/Progetto-senza-titolo-4.png\" class=\"attachment-us_600_600_crop size-us_600_600_crop wp-post-image\" alt=\"G30 e gli NPL, resisteremo alla seconda ondata?\" srcset=\"https:\/\/emilioscola.it\/wp-content\/uploads\/2020\/12\/Progetto-senza-titolo-4.png 1280w, https:\/\/emilioscola.it\/wp-content\/uploads\/2020\/12\/Progetto-senza-titolo-4-300x200.png 300w, https:\/\/emilioscola.it\/wp-content\/uploads\/2020\/12\/Progetto-senza-titolo-4-1024x682.png 1024w\" sizes=\"auto, (max-width: 1280px) 100vw, 1280px\" \/><\/a><\/div><h2 class=\"w-post-elm post_title usg_post_title_1 entry-title color_link_inherit\"><a href=\"https:\/\/emilioscola.it\/?p=3992\">G30 e gli NPL, resisteremo alla seconda ondata?<\/a><\/h2>\t<\/div>\r\n<\/article>\r\n<article class=\"w-grid-item size_1x1 post-3978 post type-post status-publish format-standard has-post-thumbnail hentry category-novita\" data-id=\"3978\">\r\n\t<div class=\"w-grid-item-h\">\r\n\t\t\t\t<div class=\"w-post-elm post_image usg_post_image_1 stretched\"><a href=\"https:\/\/emilioscola.it\/?p=3978\" aria-label=\"Lavoro e occupazione, 2020 l&#8217;anno della nuova crisi\"><img loading=\"lazy\" decoding=\"async\" width=\"1280\" height=\"852\" src=\"https:\/\/emilioscola.it\/wp-content\/uploads\/2020\/08\/Progetto-senza-titolo-12.png\" class=\"attachment-us_600_600_crop size-us_600_600_crop wp-post-image\" alt=\"Lavoro e occupazione, 2020 l&#039;anno della nuova crisi\" srcset=\"https:\/\/emilioscola.it\/wp-content\/uploads\/2020\/08\/Progetto-senza-titolo-12.png 1280w, https:\/\/emilioscola.it\/wp-content\/uploads\/2020\/08\/Progetto-senza-titolo-12-300x200.png 300w, https:\/\/emilioscola.it\/wp-content\/uploads\/2020\/08\/Progetto-senza-titolo-12-1024x682.png 1024w\" sizes=\"auto, (max-width: 1280px) 100vw, 1280px\" \/><\/a><\/div><h2 class=\"w-post-elm post_title usg_post_title_1 entry-title color_link_inherit\"><a href=\"https:\/\/emilioscola.it\/?p=3978\">Lavoro e occupazione, 2020 l&#8217;anno della nuova crisi<\/a><\/h2>\t<\/div>\r\n<\/article>\r\n<article class=\"w-grid-item size_1x1 post-3975 post type-post status-publish format-standard has-post-thumbnail hentry category-novita\" data-id=\"3975\">\r\n\t<div class=\"w-grid-item-h\">\r\n\t\t\t\t<div class=\"w-post-elm post_image usg_post_image_1 stretched\"><a href=\"https:\/\/emilioscola.it\/?p=3975\" aria-label=\"Covid 19 e il mercato immobiliare\"><img loading=\"lazy\" decoding=\"async\" width=\"1280\" height=\"852\" src=\"https:\/\/emilioscola.it\/wp-content\/uploads\/2020\/08\/Progetto-senza-titolo-11.png\" class=\"attachment-us_600_600_crop size-us_600_600_crop wp-post-image\" alt=\"Covid 19 e il mercato immobiliare\" srcset=\"https:\/\/emilioscola.it\/wp-content\/uploads\/2020\/08\/Progetto-senza-titolo-11.png 1280w, https:\/\/emilioscola.it\/wp-content\/uploads\/2020\/08\/Progetto-senza-titolo-11-300x200.png 300w, https:\/\/emilioscola.it\/wp-content\/uploads\/2020\/08\/Progetto-senza-titolo-11-1024x682.png 1024w\" sizes=\"auto, (max-width: 1280px) 100vw, 1280px\" \/><\/a><\/div><h2 class=\"w-post-elm post_title usg_post_title_1 entry-title color_link_inherit\"><a href=\"https:\/\/emilioscola.it\/?p=3975\">Covid 19 e il mercato immobiliare<\/a><\/h2>\t<\/div>\r\n<\/article>\r\n<article class=\"w-grid-item size_1x1 post-3968 post type-post status-publish format-standard has-post-thumbnail hentry category-novita\" data-id=\"3968\">\r\n\t<div class=\"w-grid-item-h\">\r\n\t\t\t\t<div class=\"w-post-elm post_image usg_post_image_1 stretched\"><a href=\"https:\/\/emilioscola.it\/?p=3968\" aria-label=\"Il sistema bancario \u00e8 a un passo dal baratro?\"><img loading=\"lazy\" decoding=\"async\" width=\"1280\" height=\"852\" src=\"https:\/\/emilioscola.it\/wp-content\/uploads\/2020\/08\/Progetto-senza-titolo-6.png\" class=\"attachment-us_600_600_crop size-us_600_600_crop wp-post-image\" alt=\"Il sistema bancario \u00e8 a un passo dal baratro?\" srcset=\"https:\/\/emilioscola.it\/wp-content\/uploads\/2020\/08\/Progetto-senza-titolo-6.png 1280w, https:\/\/emilioscola.it\/wp-content\/uploads\/2020\/08\/Progetto-senza-titolo-6-300x200.png 300w, https:\/\/emilioscola.it\/wp-content\/uploads\/2020\/08\/Progetto-senza-titolo-6-1024x682.png 1024w\" sizes=\"auto, (max-width: 1280px) 100vw, 1280px\" \/><\/a><\/div><h2 class=\"w-post-elm post_title usg_post_title_1 entry-title color_link_inherit\"><a href=\"https:\/\/emilioscola.it\/?p=3968\">Il sistema bancario \u00e8 a un passo dal baratro?<\/a><\/h2>\t<\/div>\r\n<\/article>\r\n<\/div>\t<div class=\"w-grid-preloader\">\r\n\t\t<div class=\"g-preloader type_custom\">\r\n\t\t\t<div><img loading=\"lazy\" decoding=\"async\" width=\"300\" height=\"254\" src=\"https:\/\/emilioscola.it\/wp-content\/uploads\/2020\/05\/logo-300x254.png\" class=\"g-placeholder\" alt=\"\" srcset=\"https:\/\/emilioscola.it\/wp-content\/uploads\/2020\/05\/logo-300x254.png 300w, https:\/\/emilioscola.it\/wp-content\/uploads\/2020\/05\/logo.png 720w\" sizes=\"auto, (max-width: 300px) 100vw, 300px\" \/><\/div>\r\n\t\t<\/div>\r\n\t<\/div>\r\n\t\t\t<div class=\"g-loadmore\">\r\n\t\t\t<div class=\"g-preloader type_1\">\r\n\t\t\t\t<div><\/div>\r\n\t\t\t<\/div>\r\n\t\t\t<a class=\"w-btn us-btn-style_1\" href=\"javascript:void(0)\">\r\n\t\t\t\t<span class=\"w-btn-label\">Carica altro<\/span>\r\n\t\t\t<\/a>\r\n\t\t<\/div>\r\n\t\t\t<div class=\"w-grid-json hidden\" onclick='return {&quot;ajax_url&quot;:&quot;https:\\\/\\\/emilioscola.it\\\/wp-admin\\\/admin-ajax.php&quot;,&quot;permalink_url&quot;:&quot;https:\\\/\\\/emilioscola.it\\\/?p=3968&quot;,&quot;action&quot;:&quot;us_ajax_grid&quot;,&quot;max_num_pages&quot;:2,&quot;infinite_scroll&quot;:true,&quot;template_vars&quot;:{&quot;query_args&quot;:{&quot;post_type&quot;:[&quot;post&quot;],&quot;post_status&quot;:[&quot;publish&quot;],&quot;orderby&quot;:{&quot;date&quot;:&quot;DESC&quot;},&quot;posts_per_page&quot;:&quot;12&quot;},&quot;post_id&quot;:3803,&quot;us_grid_index&quot;:1,&quot;us_grid_ajax_index&quot;:1,&quot;exclude_items&quot;:&quot;none&quot;,&quot;items_offset&quot;:&quot;1&quot;,&quot;items_layout&quot;:&quot;581&quot;,&quot;type&quot;:&quot;grid&quot;,&quot;columns&quot;:&quot;3&quot;,&quot;img_size&quot;:&quot;default&quot;,&quot;overriding_link&quot;:&quot;none&quot;}}'><\/div>\r\n<\/div><\/div><\/div><\/div><\/div><\/div><\/section>\n","protected":false},"excerpt":{"rendered":"Lo squilibrio bancario \u00e8 sempre pi\u00f9 concreto Il sistema bancario italiano \u00e8 a un passo dal tracollo e nessuno se ne rende conto. Ci sono tantissime banche con tantissime filiali e quindi questa sembra un'affermazione inverosimile, quasi irrealizzabile, ma dietro le quinte del sistema si sta verificando un fenomeno che non si vedeva dal 1999....","protected":false},"author":1,"featured_media":0,"parent":0,"menu_order":0,"comment_status":"closed","ping_status":"closed","template":"","meta":{"footnotes":""},"class_list":["post-3803","page","type-page","status-publish","hentry"],"yoast_head":"<!-- This site is optimized with the Yoast SEO plugin v14.2 - https:\/\/yoast.com\/wordpress\/plugins\/seo\/ -->\n<title>I miei ultimi articoli - Emilio Scola<\/title>\n<meta name=\"description\" content=\"Nel corso della mia carriera imprenditoriale ho dovuto affrontare molteplici sfide. Fare impresa non \u00e8 semplice senza un partner affidabile.\" \/>\n<meta name=\"robots\" content=\"index, follow\" \/>\n<meta name=\"googlebot\" content=\"index, follow, max-snippet:-1, max-image-preview:large, max-video-preview:-1\" \/>\n<meta name=\"bingbot\" content=\"index, follow, max-snippet:-1, max-image-preview:large, max-video-preview:-1\" \/>\n<link rel=\"canonical\" href=\"https:\/\/emilioscola.it\/?page_id=3803\" \/>\n<meta property=\"og:locale\" content=\"it_IT\" \/>\n<meta property=\"og:type\" content=\"article\" \/>\n<meta property=\"og:title\" content=\"I miei ultimi articoli - Emilio Scola\" \/>\n<meta property=\"og:description\" content=\"Nel corso della mia carriera imprenditoriale ho dovuto affrontare molteplici sfide. Fare impresa non \u00e8 semplice senza un partner affidabile.\" \/>\n<meta property=\"og:url\" content=\"https:\/\/emilioscola.it\/?page_id=3803\" \/>\n<meta property=\"og:site_name\" content=\"Emilio Scola\" \/>\n<meta property=\"article:publisher\" content=\"https:\/\/www.facebook.com\/emilio.scola.3\" \/>\n<meta property=\"article:modified_time\" content=\"2020-05-27T12:27:44+00:00\" \/>\n<meta name=\"twitter:card\" content=\"summary_large_image\" \/>\n<script type=\"application\/ld+json\" class=\"yoast-schema-graph\">{\"@context\":\"https:\/\/schema.org\",\"@graph\":[{\"@type\":\"Organization\",\"@id\":\"https:\/\/emilioscola.it\/#organization\",\"name\":\"Emilio Scola\",\"url\":\"https:\/\/emilioscola.it\/\",\"sameAs\":[\"https:\/\/www.facebook.com\/emilio.scola.3\",\"https:\/\/www.linkedin.com\/in\/emilioscola\/\"],\"logo\":{\"@type\":\"ImageObject\",\"@id\":\"https:\/\/emilioscola.it\/#logo\",\"inLanguage\":\"it-IT\",\"url\":\"https:\/\/emilioscola.it\/wp-content\/uploads\/2020\/05\/logo.png\",\"width\":720,\"height\":610,\"caption\":\"Emilio Scola\"},\"image\":{\"@id\":\"https:\/\/emilioscola.it\/#logo\"}},{\"@type\":\"WebSite\",\"@id\":\"https:\/\/emilioscola.it\/#website\",\"url\":\"https:\/\/emilioscola.it\/\",\"name\":\"Emilio Scola\",\"description\":\"Imprenditore e Creatore del progetto Professionisti del Debito\",\"publisher\":{\"@id\":\"https:\/\/emilioscola.it\/#organization\"},\"potentialAction\":[{\"@type\":\"SearchAction\",\"target\":\"https:\/\/emilioscola.it\/?s={search_term_string}\",\"query-input\":\"required name=search_term_string\"}],\"inLanguage\":\"it-IT\"},{\"@type\":\"WebPage\",\"@id\":\"https:\/\/emilioscola.it\/?page_id=3803#webpage\",\"url\":\"https:\/\/emilioscola.it\/?page_id=3803\",\"name\":\"I miei ultimi articoli - Emilio Scola\",\"isPartOf\":{\"@id\":\"https:\/\/emilioscola.it\/#website\"},\"datePublished\":\"2020-05-22T10:34:15+00:00\",\"dateModified\":\"2020-05-27T12:27:44+00:00\",\"description\":\"Nel corso della mia carriera imprenditoriale ho dovuto affrontare molteplici sfide. Fare impresa non \\u00e8 semplice senza un partner affidabile.\",\"inLanguage\":\"it-IT\",\"potentialAction\":[{\"@type\":\"ReadAction\",\"target\":[\"https:\/\/emilioscola.it\/?page_id=3803\"]}]}]}<\/script>\n<!-- \/ Yoast SEO plugin. -->","_links":{"self":[{"href":"https:\/\/emilioscola.it\/index.php?rest_route=\/wp\/v2\/pages\/3803","targetHints":{"allow":["GET"]}}],"collection":[{"href":"https:\/\/emilioscola.it\/index.php?rest_route=\/wp\/v2\/pages"}],"about":[{"href":"https:\/\/emilioscola.it\/index.php?rest_route=\/wp\/v2\/types\/page"}],"author":[{"embeddable":true,"href":"https:\/\/emilioscola.it\/index.php?rest_route=\/wp\/v2\/users\/1"}],"replies":[{"embeddable":true,"href":"https:\/\/emilioscola.it\/index.php?rest_route=%2Fwp%2Fv2%2Fcomments&post=3803"}],"version-history":[{"count":1,"href":"https:\/\/emilioscola.it\/index.php?rest_route=\/wp\/v2\/pages\/3803\/revisions"}],"predecessor-version":[{"id":3804,"href":"https:\/\/emilioscola.it\/index.php?rest_route=\/wp\/v2\/pages\/3803\/revisions\/3804"}],"wp:attachment":[{"href":"https:\/\/emilioscola.it\/index.php?rest_route=%2Fwp%2Fv2%2Fmedia&parent=3803"}],"curies":[{"name":"wp","href":"https:\/\/api.w.org\/{rel}","templated":true}]}}